{"id":23235,"date":"2019-07-14T03:58:58","date_gmt":"2019-07-14T03:58:58","guid":{"rendered":"http:\/\/emergentes.eu\/programacion-2019\/"},"modified":"2019-07-18T23:14:01","modified_gmt":"2019-07-18T23:14:01","slug":"programacion-2019","status":"publish","type":"page","link":"http:\/\/emergentes.eu\/en\/programacion-2019\/","title":{"rendered":"Programaci\u00f3n 2019"},"content":{"rendered":"<p>[vc_row row_type=&#8221;row&#8221; use_row_as_full_screen_section=&#8221;no&#8221; type=&#8221;full_width&#8221; text_align=&#8221;left&#8221; css_animation=&#8221;&#8221;][vc_column width=&#8221;1\/2&#8243;][vc_empty_space][vc_empty_space][vc_single_image image=&#8221;23242&#8243; img_size=&#8221;full&#8221; qode_css_animation=&#8221;&#8221;][vc_empty_space][\/vc_column][vc_column width=&#8221;1\/2&#8243;][vc_empty_space][vc_empty_space][vc_column_text]<\/p>\n<p id=\"tw-target-text\" class=\"tw-data-text tw-ta tw-text-small\" dir=\"ltr\" data-placeholder=\"Translation\"><span lang=\"en\" tabindex=\"0\">The displaced city is a fiction \/ documentary type proposal that takes the people as a stage to reflect on their past, present and future. The work is presented as an urban action that travels through the streets of Mairena del Alcor while it is broadcast radio in real time, inviting the active participation of spectators and neighbors, who can accompany their tour with radio devices or listen to it remotely. in other parts of the municipality, through Radio Mairena (107.3 FM). The center of Mairena will be the starting point of the work and the specific place will be announced on the radio and by social networks on the days of the functions. This proposal is framed under the concept of &#8220;nomad theater&#8221;, which follows the line of work done by Jos\u00e9 Miguel Neira as director of the Galaxia Sur Project and which in this opportunity is proposed in co-production with Teatro Habitado to be released within the framework of the eighth edition of Encuentro Emergentes. <em>Concept and direction: Jos\u00e9 Miguel Neira.<br \/>\nResearch: Jos\u00e9 Miguel Neira, Irmina Majchrzak, Ana Moreno, Andrea Montalb\u00e1n, Carlota Moreno, Cristina Mateos, Luc\u00eda Sutil, Mar\u00eda M\u00e9ndez, Pilar G\u00f3mez and Ra\u00fal Collantes.<br \/>\nArtistic collaboration: Raffaella Menchetti, Joaqu\u00edn D\u00edaz, Florencia Wenzel, LauraLiz Gil Echenique, Irmina Majchrzak.<br \/>\nPhotography: Luc\u00eda Sutil. Acknowledgments to the Ateneo de Mairena del Alcor and its president, Isidoro P\u00e9rez, the historian Jos\u00e9 Manuel Navarro and the cantaor Calixto S\u00e1nchez.<\/em><\/span><\/p>\n<p>[\/vc_column_text][vc_empty_space][\/vc_column][\/vc_row][vc_row row_type=&#8221;row&#8221; use_row_as_full_screen_section=&#8221;no&#8221; type=&#8221;full_width&#8221; text_align=&#8221;left&#8221; css_animation=&#8221;&#8221;][vc_column width=&#8221;1\/2&#8243;][vc_single_image image=&#8221;23210&#8243; img_size=&#8221;full&#8221; qode_css_animation=&#8221;&#8221;][vc_empty_space][\/vc_column][vc_column width=&#8221;1\/2&#8243;][vc_column_text]A dog and a group of teenagers are looking for someone to love them in a hot Andalusian summer. My little loves was filmed during July 2018 in Mairena del Alcor and it was possible to see a preview of it in Emergentes 2018. Direction: Sebasti\u00e1n Pereira. Screenplay: Teatro Habitado and Sebasti\u00e1n Pereira. Chamber Assistant: Dar\u00edo Rivera. Cast: Cristina Mateos, Carlota Moreno, Ana P\u00e9rez, Nuria P\u00e9rez, Ana Moreno, Claudia Roca, Mar\u00eda M\u00e9ndez, Einer Eistrup, Juan Manuel Castro, Lucia Sutil, Pilar G\u00f3mez, Ra\u00fal Collantes, \u00c1lvaro Mena. With the special collaboration of Pepa Muriel. Genre: Dramatic Comedy. Format: HD.[\/vc_column_text][vc_empty_space][\/vc_column][\/vc_row][vc_row row_type=&#8221;row&#8221; use_row_as_full_screen_section=&#8221;no&#8221; type=&#8221;full_width&#8221; text_align=&#8221;left&#8221; css_animation=&#8221;&#8221;][vc_column width=&#8221;1\/2&#8243;][vc_single_image image=&#8221;23214&#8243; img_size=&#8221;full&#8221; qode_css_animation=&#8221;&#8221;][vc_empty_space][\/vc_column][vc_column width=&#8221;1\/2&#8243;][vc_column_text]<\/p>\n<p style=\"text-align: left;\">A Sweet Hello, a piece that explores concepts such as time and its relationship with loneliness, first love and its consequences, and romantic love passed by the contemporary gaze. The work is articulated around a narrative that wants to reconcile the great public with contemporary dance. Draw a story that everyone can come to recognize as their own: Joel is a shy man with a big heart who does not know who to give. Maybe today is your lucky day when you find Lin and exchange a &#8220;sweet hello&#8221;. Performers: Nadine Gerspacher and Jefta Tanate.<\/p>\n<p><em>Int\u00e9rpretes: Nadine Gerspacher y Jefta Tanate. <\/em><\/p>\n<p style=\"text-align: left;\"><em>Director: Nicolas Ricchini. <\/em><\/p>\n<p style=\"text-align: left;\"><em>M\u00fasica original: Alvaro Arjona &amp; Josep Maria Baldom\u00e0. <\/em><\/p>\n<p style=\"text-align: left;\"><em>Iluminaci\u00f3n: Lloren\u00e7 Parra. Fotograf\u00eda: Marta Cort\u00e9s Fern\u00e1ndez. <\/em><\/p>\n<p style=\"text-align: left;\"><em>V\u00eddeo: Johann P\u00e9rez. <\/em><\/p>\n<p style=\"text-align: left;\"><em>Producci\u00f3n, Gesti\u00f3n, Distribuci\u00f3n: Big Story Performing Arts. Con el soporte de Centre C\u00edvic de la Barceloneta. <\/em><\/p>\n<p style=\"text-align: left;\"><em>Agradecimientos a Lali Ayguad\u00e9, Jordi Oriol. <\/em><\/p>\n<p>[\/vc_column_text][vc_empty_space][\/vc_column][\/vc_row][vc_row row_type=&#8221;row&#8221; use_row_as_full_screen_section=&#8221;no&#8221; type=&#8221;full_width&#8221; text_align=&#8221;left&#8221; css_animation=&#8221;&#8221;][vc_column width=&#8221;1\/2&#8243;][vc_single_image image=&#8221;23219&#8243; img_size=&#8221;full&#8221; qode_css_animation=&#8221;&#8221;][vc_empty_space][\/vc_column][vc_column width=&#8221;1\/2&#8243;][vc_column_text]<\/p>\n<p style=\"text-align: left;\">Ni\u00f1a Astronauta is inspired by the real case of Nicol Aravena, a thirteen-year-old from Villa Alemana who suffered from Xeroderma pigmentosa, a type of skin cancer without healing. Nicol can not leave her room due to the damage caused by the ultraviolet rays of sunlight. However, he is waiting for a suit made by NASA to improve his condition. Inside his room he receives the daily visit of his only friend, Vittorio, and together they seek to give answers to their own difficulties. Nicol&#8217;s biggest concern is to leave a mark on the world, which is why he cares so much about the only interview they did, since it offers him the opportunity to perpetuate himself in time as well as the most popular television image in history: Neil Armstrong&#8217;s moon walk.<\/p>\n<p>&nbsp;<\/p>\n<p style=\"text-align: left;\"><em>Direcci\u00f3n y dramaturgia: Eduardo Luna. <\/em><\/p>\n<p style=\"text-align: left;\"><em>Asistente de direcci\u00f3n: Carolina Castro. <\/em><\/p>\n<p style=\"text-align: left;\"><em>Elenco: Pamela Alarc\u00f3n y Sebasti\u00e1n Silva. <\/em><\/p>\n<p style=\"text-align: left;\"><em>Dise\u00f1o de escenograf\u00eda, iluminaci\u00f3n y gr\u00e1fica: Javier Alvarado. <\/em><\/p>\n<p style=\"text-align: left;\"><em>Dise\u00f1o de vestuario: Karla Rodr\u00edguez. <\/em><\/p>\n<p style=\"text-align: left;\"><em>V\u00eddeo: Luciano Mu\u00f1oz. <\/em><\/p>\n<p style=\"text-align: left;\"><em>Producci\u00f3n: Lafamiliateatro, Javiera Severino. <\/em><\/p>\n<p>[\/vc_column_text][vc_empty_space][\/vc_column][\/vc_row][vc_row row_type=&#8221;row&#8221; use_row_as_full_screen_section=&#8221;no&#8221; type=&#8221;full_width&#8221; text_align=&#8221;left&#8221; css_animation=&#8221;&#8221;][vc_column width=&#8221;1\/2&#8243;][vc_single_image image=&#8221;23221&#8243; img_size=&#8221;full&#8221; qode_css_animation=&#8221;&#8221;][vc_empty_space][\/vc_column][vc_column width=&#8221;1\/2&#8243;][vc_column_text]<\/p>\n<p style=\"text-align: left;\">An interstellar trip with the company ZH Spacelines ends up injured. Your crew members will be trapped on an inhospitable planet where there is nothing. This situation will start a war of powers and face their stigmas terrestrial. A piece that deals with the isolation, the lack of community of the current society and hope.<\/p>\n<p style=\"text-align: left;\"><em>Director art\u00edstico: Gen\u00eds Farran. <\/em><\/p>\n<p style=\"text-align: left;\"><em>Ayudante de direcci\u00f3n: Montse Pelfort. <\/em><\/p>\n<p style=\"text-align: left;\"><em>Int\u00e9rpretes: Jon Arrizabalaga, Montse Bosch, Saray Gonz\u00e1lez, Montse Pelfort.<\/em><\/p>\n<p style=\"text-align: left;\"><em> Escenograf\u00eda: Enric Porta. <\/em><\/p>\n<p>[\/vc_column_text][vc_empty_space][\/vc_column][\/vc_row][vc_row row_type=&#8221;row&#8221; use_row_as_full_screen_section=&#8221;no&#8221; type=&#8221;full_width&#8221; text_align=&#8221;left&#8221; css_animation=&#8221;&#8221;][vc_column width=&#8221;1\/2&#8243;][vc_single_image image=&#8221;23224&#8243; img_size=&#8221;full&#8221; qode_css_animation=&#8221;&#8221;][vc_empty_space][\/vc_column][vc_column width=&#8221;1\/2&#8243;][vc_column_text]<\/p>\n<p style=\"text-align: left;\">Mimi is inspired by the dualism of Plato, where the human being is a soul conditioned by a body with influences from the earthly environment in which he has lived. It dawns with the birth of Mimi, formed by two independent substances, soul and body, that seek not to separate themselves in the evolution of their existence. It dies with the growth of both, filling with experiences from innocence and curiosity until an external influence comes to seduce them, causing the decisions they make are driven by fear, being trapped in themselves. It dusk with the course of a life that has passed, that can not be changed, but is rewritten for the future. Now, perceiving a change, body and soul reconcile and walk together towards an unknown destination.<\/p>\n<p style=\"text-align: left;\"><em>Idea original e int\u00e9rpretes: Cristina Salvador y Roc\u00edo Barriga. <\/em><\/p>\n<p style=\"text-align: left;\"><em>Direcci\u00f3n Musical: Cristina Salvador. <\/em><\/p>\n<p style=\"text-align: left;\"><em>Direcci\u00f3n Coreogr\u00e1fica: Roc\u00edo Barriga. <\/em><\/p>\n<p style=\"text-align: left;\"><em>Dise\u00f1o de Iluminaci\u00f3n: Jos\u00e9 Luis Palomino. <\/em><\/p>\n<p style=\"text-align: left;\"><em>Producci\u00f3n: Alejandro Barriga. .<\/em><\/p>\n<p>[\/vc_column_text][vc_empty_space][\/vc_column][\/vc_row][vc_row row_type=&#8221;row&#8221; use_row_as_full_screen_section=&#8221;no&#8221; type=&#8221;full_width&#8221; text_align=&#8221;left&#8221; css_animation=&#8221;&#8221;][vc_column width=&#8221;1\/2&#8243;][vc_single_image image=&#8221;23223&#8243; img_size=&#8221;full&#8221; qode_css_animation=&#8221;&#8221;][vc_empty_space][\/vc_column][vc_column width=&#8221;1\/2&#8243;][vc_column_text]<\/p>\n<p style=\"text-align: left;\">SALT is an approach to the migratory conflict from the vision of the Fil d&#8217;Arena dansa-teatre company. It presents a reflection that explores the connections between migration and gender, travel and the difficulties that women face in the search for a better future. The condition of being a migrant woman is added to the migrant&#8217;s difficulties. The extreme physical language of the interpreters and the images generated by their bodies invite us to reflect on the role of women in this journey. A piece where ingenuity (humor) and cruelty hang in the same thread. Three women on stage who combine strength and sensitivity through an acrobatic and risky dance. A music that helps us move to different worlds and realities and an interpretation that make SALT a piece that, from the abstract of the dance, goes to the most concrete through texts and evocative images.<\/p>\n<p><em>Direcci\u00f3n: Fil D&#8217;Arena Dansa Teatre.<br \/>\nInt\u00e9rpretes: Isabel Abril, Irene Ballester y Roseta Plasencia.<br \/>\nAsesor coreogr\u00e1fico: Roberto Olivan.<br \/>\nCreaci\u00f3n sonora: Isabel Latorre.<br \/>\nDise\u00f1o: Assad Kassab. Iluminaci\u00f3n: Ximo Rojo.<br \/>\nVestuario: Los Reyes del Mambo. Producci\u00f3n ejecutiva: Clara Crespo. <\/em><\/p>\n<p>[\/vc_column_text][vc_empty_space][\/vc_column][\/vc_row][vc_row row_type=&#8221;row&#8221; use_row_as_full_screen_section=&#8221;no&#8221; type=&#8221;full_width&#8221; text_align=&#8221;left&#8221; css_animation=&#8221;&#8221;][vc_column width=&#8221;1\/2&#8243;][vc_single_image image=&#8221;23226&#8243; img_size=&#8221;full&#8221; qode_css_animation=&#8221;&#8221;][vc_empty_space][\/vc_column][vc_column width=&#8221;1\/2&#8243;][vc_column_text]<\/p>\n<p style=\"text-align: left;\">The piece 43\u00ba13&#8217;44&#8221;N is the result of the search process of the author in the family and collective memory. It is a story found on the way to another place, where the mechanisms of imagination manage to fill gaps that memory does not have. They are the photos that we did not have time to do, the boats that we did not have time to catch or the bullets that we never had time to take out. A logbook in the form of performance and theater document. Of political biography.<\/p>\n<p><em>Direcci\u00f3n y Dramaturgia: Olatz Gorrotxategi. <\/em><\/p>\n<p style=\"text-align: left;\"><em>Int\u00e9rprete: Olatz Gorrotxategi. <\/em><\/p>\n<p style=\"text-align: left;\"><em>Edici\u00f3n de video: Indi Costa. <\/em><\/p>\n<p style=\"text-align: left;\"><em>Testimonios: Adolfo Pastor, Angels Berengueres, Carlos Hern\u00e1ndez, Francisco Hernando, Jos\u00e9 Antonio Naves, Jos\u00e9 Luis Muriel, Juli\u00e1n de la Morena, Kepa Sol\u00eds, Liliana Aceves, Mireia Arangoitia, Pilar Mu\u00f1oz, Xabier Roig. <\/em><\/p>\n<p>[\/vc_column_text][vc_empty_space][\/vc_column][\/vc_row][vc_row row_type=&#8221;row&#8221; use_row_as_full_screen_section=&#8221;no&#8221; type=&#8221;full_width&#8221; text_align=&#8221;left&#8221; css_animation=&#8221;&#8221;][vc_column width=&#8221;1\/2&#8243;][vc_single_image image=&#8221;23228&#8243; img_size=&#8221;full&#8221; qode_css_animation=&#8221;&#8221;][vc_empty_space][\/vc_column][vc_column width=&#8221;1\/2&#8243;][vc_column_text]<\/p>\n<p style=\"text-align: left;\">I only believe in fire is a game of mirrors that takes texts from writers and lovers Ana\u00efs Nin and Henry Miller (her journals, his novels and, above all, the correspondence between them for 20 years) to make them collapse with the autobiography, the dreams and complexes of \u00c1ngela and Carlos, the creators of the work. With metatheatrical vocation, ruptures in tone and a mutant staging, the work is a delirious journey of space-time jumps that leads us to explore the artistic vocation, the limits and censorship of the creator, autobiography as a channel of inspiration &#8211; its causes and consequences-, and the role of sexuality and the unconscious. Inspired by texts by Ana\u00efs Nin and Henry Miller.<\/p>\n<p style=\"text-align: left;\"><em>Direcci\u00f3n, dramaturgia, interpretaci\u00f3n, escenograf\u00eda, puesta en escena, proyecciones y vestuario: Carlos Mart\u00edn-Pe\u00f1asco y \u00c1ngela Palacios. <\/em><\/p>\n<p style=\"text-align: left;\"><em>Ayudantes de direcci\u00f3n y dise\u00f1o de luces: Paloma Remolina Gallego y Laura Cort\u00e9s. <\/em><\/p>\n<p style=\"text-align: left;\"><em>Asistente de iluminaci\u00f3n y sonido: Llu\u00eds Guti\u00e9rrez. Fotograf\u00eda: Carlos Montilla. <\/em><\/p>\n<p style=\"text-align: left;\"><em>V\u00eddeo: Rub\u00e9n Rocha, Nico Aguerre y Carlos Mart\u00edn-Pe\u00f1asco. <\/em><\/p>\n<p>[\/vc_column_text][vc_empty_space][\/vc_column][\/vc_row][vc_row row_type=&#8221;row&#8221; use_row_as_full_screen_section=&#8221;no&#8221; type=&#8221;full_width&#8221; text_align=&#8221;left&#8221; css_animation=&#8221;&#8221;][vc_column width=&#8221;1\/2&#8243;][vc_single_image image=&#8221;23229&#8243; img_size=&#8221;full&#8221; qode_css_animation=&#8221;&#8221;][vc_empty_space][\/vc_column][vc_column width=&#8221;1\/2&#8243;][vc_column_text]<\/p>\n<p style=\"text-align: left;\">WHAT IS THE PRICE OF MY CONSERVATION? I am 33 years old. Since I was born, I use medications. The pharmacy used in me so far has a very expensive price that the government of Spain costs. How much is my life worth? What is the price of my conservation? What system sustains my survival? Pharmacy is the industry in the world with the greatest economic benefit. What happens to the other side of the world so that the Spanish health can buy medicines so expensive to the pharmaceutical? What are the political, economic, social, geographic, etc. circumstances? that allow me to take medication in this part of the world? What would happen to my body if I did not take them? How long would it take to die?<br \/>\nIdea y performer: Juan Jos\u00e9 Morales \u201cTate\u201d.<br \/>\nColaboradores del proyecto: Pompeyo Viciana (Investigador m\u00e9dico especializado en VIH).<br \/>\nIrmina Majchrzak (Historiadora de Filosof\u00eda).<br \/>\nNicholas Chandler (Carpintero).<\/p>\n<p>[\/vc_column_text][vc_empty_space][\/vc_column][\/vc_row][vc_row row_type=&#8221;row&#8221; use_row_as_full_screen_section=&#8221;no&#8221; type=&#8221;full_width&#8221; text_align=&#8221;left&#8221; css_animation=&#8221;&#8221;][vc_column width=&#8221;1\/2&#8243;][vc_single_image image=&#8221;23230&#8243; img_size=&#8221;full&#8221; qode_css_animation=&#8221;&#8221;][vc_empty_space][\/vc_column][vc_column width=&#8221;1\/2&#8243;][vc_column_text]<\/p>\n<p style=\"text-align: left;\">Nuevo Zoologique Mexicano is a work that circulates between performance, dance, theatricality and the museographic exhibition. A reflection and criticism of the folklorization and exoticization of the subaltern world. A showcase, a zoo, a device of power located in public space, where the body of a Mexican folkloric dancer is exhibited, driven and violated by the one who looks from the desire to receive that only he knows how to do, that only he knows be. The expertise concentrates and unfolds, the worldview of a territory in a body, through its movement. The exotic, the different, what bewitches us, the diverse, what catches the eye &#8230; is exposed before the eye of the curious, the powerful, the naive, the perverse, the neophyte, the expert, the citizen. An active, current and recontextualized scenic reflection, inspired by the human zoos made at the Universal Exhibition &#8220;Jardin Zoologique d&#8217;Acclimatation&#8221; in Paris at the end of the 19th century. Fair of attractions where they exhibited, in the eyes of European citizens, natives of different latitudes of the world, for being considered wild, barbarous and exotic. Kidnapped and locked in bars against their will for curiosity, entertainment and perversity of visitors.<\/p>\n<p style=\"text-align: left;\"><em>Direcci\u00f3n y concepto: Rosa Landabur.<br \/>\nInt\u00e9rpretes: Alberto Montes y Rolando Hern\u00e1ndez.<br \/>\nDise\u00f1o Esc\u00e9nico: Aurelio Palomino. <\/em><\/p>\n<p>[\/vc_column_text][vc_empty_space][\/vc_column][\/vc_row][vc_row row_type=&#8221;row&#8221; use_row_as_full_screen_section=&#8221;no&#8221; type=&#8221;full_width&#8221; text_align=&#8221;left&#8221; css_animation=&#8221;&#8221;][vc_column width=&#8221;1\/2&#8243;][vc_single_image image=&#8221;23231&#8243; img_size=&#8221;full&#8221; qode_css_animation=&#8221;&#8221;][vc_empty_space][\/vc_column][vc_column width=&#8221;1\/2&#8243;][vc_column_text]<\/p>\n<p style=\"text-align: left;\">&#8220;I am a woman. And a warm warmth shelters me when the world hits me. It is the warmth of the other women, of those who made of life this sensitive, fighter corner, with soft skin and tender warrior heart. &#8220;Alejandra Pizarnik. Mucha Muchacha is positioned as a risky proposal of Spanish dance, generated by force, the trance of the loop, the effort and the physical exhaustion. The body is truly understood between two worlds: the traditional and the contemporary. From the most natural and organic to the most learned and regulated, and in a sense, artificial. Mucha Muchacha is a dance project of the now, a declaration of intentions around the movement, the community, the femininity and the rite.<br \/>\n<em>Direcci\u00f3n: Mucha Muchacha. <\/em><br \/>\n<em>Coreograf\u00eda: Mucha Muchacha. <\/em><br \/>\n<em>Asesor\u00eda art\u00edstica: Celso Gim\u00e9nez. <\/em><br \/>\n<em>Interpretaci\u00f3n: Ana Bot\u00eda, Marta M\u00e1rmol, Bel\u00e9n Mart\u00ed Lluch y Marina de Remedios. <\/em><br \/>\n<em>Dise\u00f1o de vestuario: Las Modistillas Flamencas y Mucha Muchacha. <\/em><br \/>\n<em>Realizaci\u00f3n de vestuario: Las Modistillas Flamencas. <\/em><\/p>\n<p>[\/vc_column_text][vc_empty_space][\/vc_column][\/vc_row][vc_row row_type=&#8221;row&#8221; use_row_as_full_screen_section=&#8221;no&#8221; type=&#8221;full_width&#8221; text_align=&#8221;left&#8221; css_animation=&#8221;&#8221;][vc_column width=&#8221;1\/3&#8243;][\/vc_column][vc_column width=&#8221;1\/3&#8243;]<a href=\"http:\/\/emergentes.eu\/wp-content\/uploads\/2019\/07\/Pograma-2019.jpg\" target=\"_blank\"  class=\"qbutton \" style=\"\"> DOWNLOAD PROGRAM 2019<\/a>[\/vc_column][vc_column width=&#8221;1\/3&#8243;][\/vc_column][\/vc_row][vc_row row_type=&#8221;row&#8221; use_row_as_full_screen_section=&#8221;no&#8221; type=&#8221;full_width&#8221; text_align=&#8221;left&#8221; css_animation=&#8221;&#8221;][vc_column][vc_empty_space][\/vc_column][\/vc_row]<\/p>\n","protected":false},"excerpt":{"rendered":"<p>[vc_row row_type=&#8221;row&#8221; use_row_as_full_screen_section=&#8221;no&#8221; type=&#8221;full_width&#8221; text_align=&#8221;left&#8221; css_animation=&#8221;&#8221;][vc_column width=&#8221;1\/2&#8243;][vc_empty_space][vc_empty_space][vc_single_image image=&#8221;23242&#8243; img_size=&#8221;full&#8221; qode_css_animation=&#8221;&#8221;][vc_empty_space][\/vc_column][vc_column width=&#8221;1\/2&#8243;][vc_empty_space][vc_empty_space][vc_column_text] The displaced city is a fiction \/ documentary type&#8230;<\/p>\n","protected":false},"author":1,"featured_media":0,"parent":0,"menu_order":0,"comment_status":"closed","ping_status":"closed","template":"","meta":[],"_links":{"self":[{"href":"http:\/\/emergentes.eu\/en\/wp-json\/wp\/v2\/pages\/23235"}],"collection":[{"href":"http:\/\/emergentes.eu\/en\/wp-json\/wp\/v2\/pages"}],"about":[{"href":"http:\/\/emergentes.eu\/en\/wp-json\/wp\/v2\/types\/page"}],"author":[{"embeddable":true,"href":"http:\/\/emergentes.eu\/en\/wp-json\/wp\/v2\/users\/1"}],"replies":[{"embeddable":true,"href":"http:\/\/emergentes.eu\/en\/wp-json\/wp\/v2\/comments?post=23235"}],"version-history":[{"count":8,"href":"http:\/\/emergentes.eu\/en\/wp-json\/wp\/v2\/pages\/23235\/revisions"}],"predecessor-version":[{"id":23256,"href":"http:\/\/emergentes.eu\/en\/wp-json\/wp\/v2\/pages\/23235\/revisions\/23256"}],"wp:attachment":[{"href":"http:\/\/emergentes.eu\/en\/wp-json\/wp\/v2\/media?parent=23235"}],"curies":[{"name":"wp","href":"https:\/\/api.w.org\/{rel}","templated":true}]}}