{"id":22786,"date":"2014-06-02T11:17:04","date_gmt":"2014-06-02T11:17:04","guid":{"rendered":"http:\/\/emergentes.eu\/contact-us\/"},"modified":"2018-05-24T03:25:06","modified_gmt":"2018-05-24T03:25:06","slug":"contact-us","status":"publish","type":"page","link":"http:\/\/emergentes.eu\/en\/contact-us\/","title":{"rendered":"Contact Us"},"content":{"rendered":"<p>[vc_row row_type=&#8221;row&#8221; use_row_as_full_screen_section=&#8221;no&#8221; type=&#8221;full_width&#8221; text_align=&#8221;center&#8221; css_animation=&#8221;&#8221;][vc_column][vc_empty_space height=&#8221;30px&#8221;][vc_single_image image=&#8221;21961&#8243; img_size=&#8221;full&#8221; alignment=&#8221;center&#8221; qode_css_animation=&#8221;&#8221;][\/vc_column][\/vc_row][vc_row row_type=&#8221;row&#8221; use_row_as_full_screen_section=&#8221;no&#8221; type=&#8221;grid&#8221; text_align=&#8221;left&#8221; background_color=&#8221;#ffffff&#8221; padding_top=&#8221;90&#8243; padding_bottom=&#8221;26&#8243; css_animation=&#8221;&#8221;][vc_column width=&#8221;1\/3&#8243;][vc_column_text]<\/p>\n<h5 style=\"text-align: center;\"><b>MAIL<\/b><\/h5>\n<p>[\/vc_column_text][vc_separator type=&#8221;transparent&#8221; border_style=&#8221;&#8221; up=&#8221;15&#8243; down=&#8221;0&#8243;][vc_column_text]<\/p>\n<p style=\"text-align: center;\">encuentroemergentes@gmail.com<\/p>\n<p>[\/vc_column_text][vc_separator type=&#8221;transparent&#8221; border_style=&#8221;&#8221; up=&#8221;49&#8243; down=&#8221;0&#8243;][\/vc_column][vc_column width=&#8221;1\/3&#8243;][vc_column_text]<\/p>\n<h5 style=\"text-align: center;\">PHONE<\/h5>\n<p>[\/vc_column_text][vc_separator type=&#8221;transparent&#8221; border_style=&#8221;&#8221; up=&#8221;15&#8243; down=&#8221;0&#8243;][vc_column_text]<\/p>\n<p style=\"text-align: center;\"><span style=\"color: #6a6a6a;\">\u00a0<\/span>(+34) 955 09 30 52<\/p>\n<p class=\"p1\" style=\"text-align: center;\">(+34) 626 57 03 01<\/p>\n<p>[\/vc_column_text][vc_separator type=&#8221;transparent&#8221; border_style=&#8221;&#8221; up=&#8221;49&#8243; down=&#8221;0&#8243;][\/vc_column][vc_column width=&#8221;1\/3&#8243;][vc_column_text]<\/p>\n<h5 style=\"text-align: center;\">LOCALIZATION<\/h5>\n<p>[\/vc_column_text][vc_separator type=&#8221;transparent&#8221; border_style=&#8221;&#8221; up=&#8221;15&#8243; down=&#8221;0&#8243;][vc_column_text]<\/p>\n<p class=\"p1\" style=\"text-align: center;\">C\/Don Agust\u00edn Jim\u00e9nez Jim\u00e9nez-Vallejo, s\/n, 41510, Mairena del Alcor (Sevilla\/Espa\u00f1a)<\/p>\n<p>[\/vc_column_text][vc_separator type=&#8221;transparent&#8221; border_style=&#8221;&#8221; up=&#8221;49&#8243; down=&#8221;0&#8243;][\/vc_column][\/vc_row][vc_row row_type=&#8221;row&#8221; use_row_as_full_screen_section=&#8221;no&#8221; type=&#8221;grid&#8221; text_align=&#8221;left&#8221; css_animation=&#8221;&#8221;][vc_column][vc_separator type=&#8221;normal&#8221; border_style=&#8221;&#8221;][\/vc_column][\/vc_row][vc_row row_type=&#8221;row&#8221; use_row_as_full_screen_section=&#8221;no&#8221; type=&#8221;full_width&#8221; text_align=&#8221;center&#8221; css_animation=&#8221;&#8221;][vc_column]<span class='q_social_icon_holder with_link normal_social' ><a href='https:\/\/www.facebook.com\/encuentroemergentes\/' target='_blank'><i class='social_icon fa fa-facebook large simple_social' style=''><\/i><\/a><\/span><span class='q_social_icon_holder with_link normal_social' ><a href='https:\/\/twitter.com\/TeatroHabitado' target='_blank'><i class='social_icon fa fa-twitter large simple_social' style=''><\/i><\/a><\/span><span class='q_social_icon_holder with_link normal_social' ><a href='https:\/\/www.instagram.com\/encuentroemergentes\/' target='_blank'><i class='social_icon fa fa-instagram large simple_social' style=''><\/i><\/a><\/span>[\/vc_column][\/vc_row]<\/p>\n","protected":false},"excerpt":{"rendered":"<p>[vc_row row_type=&#8221;row&#8221; use_row_as_full_screen_section=&#8221;no&#8221; type=&#8221;full_width&#8221; text_align=&#8221;center&#8221; css_animation=&#8221;&#8221;][vc_column][vc_empty_space height=&#8221;30px&#8221;][vc_single_image image=&#8221;21961&#8243; img_size=&#8221;full&#8221; alignment=&#8221;center&#8221; qode_css_animation=&#8221;&#8221;][\/vc_column][\/vc_row][vc_row row_type=&#8221;row&#8221; use_row_as_full_screen_section=&#8221;no&#8221; type=&#8221;grid&#8221; text_align=&#8221;left&#8221; background_color=&#8221;#ffffff&#8221; padding_top=&#8221;90&#8243; padding_bottom=&#8221;26&#8243; css_animation=&#8221;&#8221;][vc_column width=&#8221;1\/3&#8243;][vc_column_text]&#8230;<\/p>\n","protected":false},"author":1,"featured_media":0,"parent":0,"menu_order":0,"comment_status":"open","ping_status":"open","template":"contact-page.php","meta":[],"_links":{"self":[{"href":"http:\/\/emergentes.eu\/en\/wp-json\/wp\/v2\/pages\/22786"}],"collection":[{"href":"http:\/\/emergentes.eu\/en\/wp-json\/wp\/v2\/pages"}],"about":[{"href":"http:\/\/emergentes.eu\/en\/wp-json\/wp\/v2\/types\/page"}],"author":[{"embeddable":true,"href":"http:\/\/emergentes.eu\/en\/wp-json\/wp\/v2\/users\/1"}],"replies":[{"embeddable":true,"href":"http:\/\/emergentes.eu\/en\/wp-json\/wp\/v2\/comments?post=22786"}],"version-history":[{"count":5,"href":"http:\/\/emergentes.eu\/en\/wp-json\/wp\/v2\/pages\/22786\/revisions"}],"predecessor-version":[{"id":22792,"href":"http:\/\/emergentes.eu\/en\/wp-json\/wp\/v2\/pages\/22786\/revisions\/22792"}],"wp:attachment":[{"href":"http:\/\/emergentes.eu\/en\/wp-json\/wp\/v2\/media?parent=22786"}],"curies":[{"name":"wp","href":"https:\/\/api.w.org\/{rel}","templated":true}]}}