{"id":22710,"date":"2018-05-17T18:17:17","date_gmt":"2018-05-17T18:17:17","guid":{"rendered":"http:\/\/emergentes.eu\/?page_id=22710"},"modified":"2018-06-28T14:13:28","modified_gmt":"2018-06-28T14:13:28","slug":"program-2018","status":"publish","type":"page","link":"http:\/\/emergentes.eu\/en\/program-2018\/","title":{"rendered":"Program 2018"},"content":{"rendered":"<p>[vc_row row_type=&#8221;row&#8221; use_row_as_full_screen_section=&#8221;no&#8221; type=&#8221;full_width&#8221; text_align=&#8221;left&#8221; css_animation=&#8221;&#8221;][vc_column][vc_empty_space height=&#8221;70px&#8221;][\/vc_column][\/vc_row][vc_row row_type=&#8221;row&#8221; use_row_as_full_screen_section=&#8221;no&#8221; type=&#8221;full_width&#8221; text_align=&#8221;left&#8221; css_animation=&#8221;&#8221;][vc_column width=&#8221;1\/2&#8243;][vc_empty_space][vc_single_image image=&#8221;22987&#8243; img_size=&#8221;full&#8221; alignment=&#8221;center&#8221; qode_css_animation=&#8221;&#8221;][\/vc_column][vc_column width=&#8221;1\/2&#8243;][vc_empty_space][vc_column_text]<\/p>\n<h3><\/h3>\n<h3><strong>DE LUNES 23 A MI\u00c9RCOLES 25 DE JULIO<\/strong><\/h3>\n<h3>Pre-Encuentro Espect\u00e1culo: Proyecto X<\/h3>\n<p>C\u00eda: Silere (Chile\/Espa\u00f1a) 22.00 HORAS -Todos los p\u00fablicos-<\/p>\n<p>Espect\u00e1culo itinerante por las calles de Mairena que, alterando los flujos de tr\u00e1fico de personas y veh\u00edculos, transforma la ciudad en un estado de emergencia por medio de la intervenci\u00f3n de unos cubos inflables, est\u00fapidos, pat\u00e9ticos y frustrados.<\/p>\n<p>&nbsp;<\/p>\n<p>Esta instalaci\u00f3n m\u00f3vil perturba el orden urbano gracias a la confianza y autoridad de estos cubos, que demuestran c\u00f3mo la estupidez organizada alimenta el miedo y el resentimiento, despertando y exhibiendo nuestra parte abyecta, nuestra latente atracci\u00f3n por ser parte de este escuadr\u00f3n de cubos.<\/p>\n<p>El rol del p\u00fablico ser\u00e1 fundamental en el devenir de esta acci\u00f3n.[\/vc_column_text][\/vc_column][\/vc_row][vc_row row_type=&#8221;row&#8221; use_row_as_full_screen_section=&#8221;no&#8221; type=&#8221;full_width&#8221; text_align=&#8221;left&#8221; css_animation=&#8221;&#8221;][vc_column][vc_empty_space][\/vc_column][\/vc_row][vc_row row_type=&#8221;row&#8221; use_row_as_full_screen_section=&#8221;no&#8221; type=&#8221;full_width&#8221; text_align=&#8221;left&#8221; css_animation=&#8221;&#8221;][vc_column width=&#8221;1\/2&#8243;][vc_single_image image=&#8221;22999&#8243; img_size=&#8221;full&#8221; qode_css_animation=&#8221;&#8221;][\/vc_column][vc_column width=&#8221;1\/2&#8243;][vc_column_text]<\/p>\n<h3 class=\"Cuerpo\" style=\"text-align: justify; text-justify: inter-ideograph;\"><span class=\"Ninguno\"><b>JUEVES 26 DE JULIO<\/b><\/span><\/h3>\n<h3 class=\"Cuerpo\" style=\"text-align: justify; text-justify: inter-ideograph;\"><span class=\"Ninguno\">Gala de inauguraci\u00f3n + Espect\u00e1culo: Flipper\u00a0<\/span><span class=\"Ninguno\">C\u00eda: Unplush (Suiza)<\/span><\/h3>\n<p class=\"Cuerpo\" style=\"text-align: justify; text-justify: inter-ideograph;\"><span class=\"Ninguno\">\u00a0<\/span><span class=\"Ninguno\">TEATRO DE LA VILLA DEL CONOCIMIENTO Y LAS ARTES<\/span><\/p>\n<p class=\"Cuerpo\" style=\"text-align: justify; text-justify: inter-ideograph;\"><span class=\"Ninguno\">21.30 HORAS\u00a0<\/span><span class=\"Ninguno\">Duraci\u00f3n: 60\u00b4\u00a0<\/span><span class=\"Ninguno\">-Todo los p\u00fablicos-\u00a0<\/span><span class=\"Ninguno\">Entrada por invitaci\u00f3n<\/span><\/p>\n<p class=\"Cuerpo\" style=\"text-align: justify; text-justify: inter-ideograph;\"><span class=\"Ninguno\">\u00a0<\/span><\/p>\n<p class=\"Cuerpo\" style=\"text-align: justify; text-justify: inter-ideograph;\"><span class=\"Ninguno\">Flipper, estrella de un programa de televisi\u00f3n fue interpretado por Kathy, un delf\u00edn hembra. Rick O\u00b4Barry, entrenador de Kathy, relata en una entrevista el sufrimiento del animal y su posterior suicidio. A partir de este testimonio, tres actores interpretan los papeles de Kathy, Rick O\u00b4Barry y un investigador. Flipper pretende lanzar luz sobre la tragedia de Kathy. Tras varias hip\u00f3tesis reales o ficticias sobre los acontecimientos, la pieza se apodera de los personajes y el p\u00fablico, de sus ilusiones.<\/span><\/p>\n<p class=\"Cuerpo\" style=\"text-align: justify; text-justify: inter-ideograph;\"><span class=\"Ninguno\">\u00a0<\/span><\/p>\n<p class=\"Cuerpo\" style=\"text-align: justify; text-justify: inter-ideograph;\"><span class=\"Ninguno\"><b>\u00a0<\/b><\/span><\/p>\n<p>[\/vc_column_text][\/vc_column][\/vc_row][vc_row row_type=&#8221;row&#8221; use_row_as_full_screen_section=&#8221;no&#8221; type=&#8221;full_width&#8221; text_align=&#8221;left&#8221; css_animation=&#8221;&#8221;][vc_column width=&#8221;1\/2&#8243;][vc_empty_space][vc_single_image image=&#8221;22996&#8243; img_size=&#8221;full&#8221; qode_css_animation=&#8221;&#8221;][\/vc_column][vc_column width=&#8221;1\/2&#8243;][vc_empty_space][vc_column_text]<\/p>\n<h3><strong>VIERNES 27 DE JULIO<\/strong><\/h3>\n<h3>Espect\u00e1culo: La loca historia de la literatura C\u00eda: Teatro de Poniente (Madrid, Espa\u00f1a)<\/h3>\n<p>TEATRO DE LA VILLA DEL CONOCIMIENTO Y LAS ARTES 13.00 HORAS Duraci\u00f3n: 50\u00b4 -Familiar-<\/p>\n<p>\u00bfSe puede viajar por toda la historia de la Literatura durante poco m\u00e1s de una hora?<br \/>\n\u00bfQu\u00e9 pasar\u00eda si el destino de las grandes obras universales estuviera en tu mano? \u00bfEst\u00e1s preparado para embarcarte en esta aventura?<br \/>\nNuestra loca historia es un viaje, un homenaje a algunas de las obras de la Literatura m\u00e1s importantes de todos los tiempos.<br \/>\nSigue a nuestros dos h\u00e9roes en su disparatada misi\u00f3n y sobre todo disfruta de todas las historias que te est\u00e1n esperando.<\/p>\n<p>Junto a ellos seremos Ulises, Sherezade, El Cid, Laurencia, Quijote, Hamlet, Gulliver, Phileas Phogg&#8230; y muchos otros.<\/p>\n<p>[\/vc_column_text][\/vc_column][\/vc_row][vc_row row_type=&#8221;row&#8221; use_row_as_full_screen_section=&#8221;no&#8221; type=&#8221;full_width&#8221; text_align=&#8221;left&#8221; css_animation=&#8221;&#8221;][vc_column width=&#8221;1\/2&#8243;][vc_empty_space][vc_single_image image=&#8221;23001&#8243; img_size=&#8221;full&#8221; qode_css_animation=&#8221;&#8221;][\/vc_column][vc_column width=&#8221;1\/2&#8243;][vc_empty_space][vc_column_text]<\/p>\n<h3><strong>VIERNES 27 DE JULIO<\/strong><\/h3>\n<h3>Exposici\u00f3n: Un Paseo por la memoria.<\/h3>\n<p>PASEO DE LA FERIA ANTIGUA. 21.00 HORAS.<\/p>\n<p>&nbsp;<\/p>\n<p>De nuestro amor por Mairena del Alcor surge la idea de hacerle un homenaje a un sitio tan lleno de historias y de vida como es el Paseo de la Feria Antigua. A trav\u00e9s de un recopilatorio de fotograf\u00edas realizadas en ese lugar emblem\u00e1tico para la historia del pueblo, la exposici\u00f3n establece dos narrativas paralelas: el transcurso hist\u00f3rico de los a\u00f1os a trav\u00e9s del Paseo y las an\u00e9cdotas que la poblaci\u00f3n guarda del lugar. En la inauguraci\u00f3n de la exposici\u00f3n se llevar\u00e1 a cabo una breve presentaci\u00f3n, y luego las fotograf\u00edas pasar\u00e1n a estar en varios escaparates de comercios de la zona para que sean seguidas a modo de itinerario. Proyecto en colaboraci\u00f3n con <a href=\"http:\/\/MairenaWiki.es\">MairenaWiki.es<\/a>, integrado en el Ateneo de Mairena del Alcor.[\/vc_column_text][\/vc_column][\/vc_row][vc_row row_type=&#8221;row&#8221; use_row_as_full_screen_section=&#8221;no&#8221; type=&#8221;full_width&#8221; text_align=&#8221;left&#8221; css_animation=&#8221;&#8221;][vc_column width=&#8221;1\/2&#8243;][vc_empty_space][vc_single_image image=&#8221;22990&#8243; img_size=&#8221;full&#8221; qode_css_animation=&#8221;&#8221;][\/vc_column][vc_column width=&#8221;1\/2&#8243;][vc_empty_space][vc_column_text]<\/p>\n<h3><strong>VIERNES 27 DE JULIO<\/strong><\/h3>\n<h3>Espect\u00e1culo: Evolution C\u00eda: Kinesis Contemporary Dance Company (Italia)<\/h3>\n<p>CASA PALACIO DE LOS DUQUES DE ARCOS 22.30 HORAS Duraci\u00f3n: 30\u00b4 -Todos los p\u00fablicos-<\/p>\n<p>Una oda a la mujer, un viaje hecho de poes\u00eda y locura donde la danza representa el flujo en el que se proyectar\u00e1 el p\u00fablico, el escenario es una caja negra que crea una escena neutral utilizada como contenedor. Un estudio a trav\u00e9s de las emociones, los sentimientos y los estados de \u00e1nimo que diariamente analizamos en nuestras mentes pero que expresamos con dificultad. Cualquiera, en situaciones extremas, busca su instinto, su fuerza de supervivencia natural, y es ah\u00ed donde entran en juego los sentimientos. Hoy, como ayer y como siempre, cada situaci\u00f3n introspectiva va en busca de esta fuerza, se adentra en las profundidades, y es precisamente en esa profundidad donde el coraz\u00f3n de nuestro espect\u00e1culo cobra vida.[\/vc_column_text][\/vc_column][\/vc_row][vc_row row_type=&#8221;row&#8221; use_row_as_full_screen_section=&#8221;no&#8221; type=&#8221;full_width&#8221; text_align=&#8221;left&#8221; css_animation=&#8221;&#8221;][vc_column width=&#8221;1\/2&#8243;][vc_empty_space][vc_single_image image=&#8221;22998&#8243; img_size=&#8221;full&#8221; qode_css_animation=&#8221;&#8221;][\/vc_column][vc_column width=&#8221;1\/2&#8243;][vc_empty_space][vc_column_text]<\/p>\n<h3><strong>VIERNES 27 DE JULIO<\/strong><\/h3>\n<h3>Espect\u00e1culo: Las dependientas C\u00eda: Teatro a pelo\/La ejecutora (Sevilla, Espa\u00f1a)<\/h3>\n<p>CASA PALACIO DE LOS DUQUES DE ARCOS 00.00 HORAS Duraci\u00f3n: 70 -A partir de 12 a\u00f1os-<\/p>\n<p>Cuatro mujeres son dependientas. Una de ellas es la encargada. Trabajan en la secci\u00f3n de lencer\u00eda de unos grandes almacenes. Una de ellas se llama Ver\u00f3nica, otra Celia y la otra Beatriz. La encargada se llama Tatiana.<\/p>\n<p><em>Las dependientas es el relato de cuatro mujeres que podr\u00edan ser todas las mujeres, que podr\u00edan ser todas las personas. Las dependientas est\u00e1n cansadas, pero bien, est\u00e1n reventadas, pero bien, est\u00e1n al borde del desmayo, pero bien. Tienen que seguir siempre adelante, no pueden parar de trabajar, no pueden parar de sonre\u00edr, no puede parar de intentar ser las mejores en todo. Las dependientas siempre pueden m\u00e1s.<\/em>[\/vc_column_text][\/vc_column][\/vc_row][vc_row row_type=&#8221;row&#8221; use_row_as_full_screen_section=&#8221;no&#8221; type=&#8221;full_width&#8221; text_align=&#8221;left&#8221; css_animation=&#8221;&#8221;][vc_column width=&#8221;1\/2&#8243;][vc_empty_space][vc_single_image image=&#8221;22995&#8243; img_size=&#8221;full&#8221; qode_css_animation=&#8221;&#8221;][\/vc_column][vc_column width=&#8221;1\/2&#8243;][vc_empty_space][vc_column_text]<\/p>\n<h3><strong>S\u00c1BADO 28 DE JULIO<\/strong><\/h3>\n<h3>Espect\u00e1culo: Uncia C\u00eda: Danae Dimitriadi &amp; Dionysios Alamanos (Grecia)<\/h3>\n<p>Nombres de los int\u00e9rpretes: Dionysios Alamanos &amp; Irini Daskalaki<\/p>\n<p>PLAZA ANTONIO MAIRENA 21.00 HORAS Duraci\u00f3n: 10\u00b4 -Todos los p\u00fablicos-<\/p>\n<p>UNCIA es la primera creaci\u00f3n de los dos artistas griegos emergentes Danae Dimitriadi y Dionysios Alamanos. La idea principal de este trabajo es llevar al p\u00fablico a reflexionar sobre el comportamiento de la raza humana con respecto a su entorno.El trabajo est\u00e1 inspirado en la palabra &#8220;metamorfosis&#8221; y presenta una criatura que cambia de forma. Explora las caracter\u00edsticas, el medio ambiente y la capacidad del leopardo de las nieves para esconderse en su lucha por la supervivencia.[\/vc_column_text][\/vc_column][\/vc_row][vc_row row_type=&#8221;row&#8221; use_row_as_full_screen_section=&#8221;no&#8221; type=&#8221;full_width&#8221; text_align=&#8221;left&#8221; css_animation=&#8221;&#8221;][vc_column width=&#8221;1\/2&#8243;][vc_empty_space][vc_single_image image=&#8221;22994&#8243; img_size=&#8221;full&#8221; qode_css_animation=&#8221;&#8221;][\/vc_column][vc_column width=&#8221;1\/2&#8243;][vc_empty_space][vc_column_text]<\/p>\n<h3><strong>S\u00c1BADO 28 DE JULIO<\/strong><\/h3>\n<h3>Espect\u00e1culo: La ceremonia de la despedida C\u00eda: Nieves Rosales\/Ra\u00fal Dur\u00e1n (M\u00e1laga, Espa\u00f1a)<\/h3>\n<p>PIEZA ITINERANTE DESDE LA PLAZA ANTONIO MAIRENA21.15 HORASDuraci\u00f3n: 30\u00b4-Todos los p\u00fablicos-\u00a0\u00bfQui\u00e9n podr\u00eda negarnos emprender el camino? La ceremonia de la despedida es una mirada al coraz\u00f3n por la que se escapa la vida. Una pareja frente a frente, d\u00e1ndose cuenta que el para\u00edso no est\u00e1 all\u00e1 afuera sino aqu\u00ed dentro, debajo de los muros que alzamos sin sentido. Un recorrido por los recovecos del amor, la felicidad, el adi\u00f3s\u2026[\/vc_column_text][\/vc_column][\/vc_row][vc_row row_type=&#8221;row&#8221; use_row_as_full_screen_section=&#8221;no&#8221; type=&#8221;full_width&#8221; text_align=&#8221;left&#8221; css_animation=&#8221;&#8221;][vc_column width=&#8221;1\/2&#8243;][vc_empty_space][vc_single_image image=&#8221;22993&#8243; img_size=&#8221;full&#8221; qode_css_animation=&#8221;&#8221;][\/vc_column][vc_column width=&#8221;1\/2&#8243;][vc_empty_space][vc_column_text]<\/p>\n<h3><strong>\u00a0<\/strong><strong>S\u00c1BADO 28 DE JULIO<\/strong>Espect\u00e1culo: Mujer de pre\u00f1ez h\u00fangaraC\u00eda: Mafiarosa (Chile)<\/h3>\n<p>CASA PALACIO DE LOS DUQUES DE ARCOS 22.30 HORASDuraci\u00f3n: 40\u00b4\u00a0-A partir de 14 a\u00f1os-<\/p>\n<p>Una mujer h\u00fangara se somete a un tratamiento para diseccionar su memoria y afectos. Este tratamiento ser\u00e1 su \u00faltimo intento para encontrar su identidad. A trav\u00e9s de una serie de composiciones visuales de est\u00e9tica radical y cuidada belleza, esta obra reflexiona sobre la soledad, el exilio y el conflicto de la memoria como medios para enfrentar las dificultades de la identidad sexual, el g\u00e9nero y los l\u00edmites de lo que es ser hombre y mujer.[\/vc_column_text][\/vc_column][\/vc_row][vc_row row_type=&#8221;row&#8221; use_row_as_full_screen_section=&#8221;no&#8221; type=&#8221;full_width&#8221; text_align=&#8221;left&#8221; css_animation=&#8221;&#8221;][vc_column width=&#8221;1\/2&#8243;][vc_empty_space][vc_single_image image=&#8221;22989&#8243; img_size=&#8221;full&#8221; qode_css_animation=&#8221;&#8221;][\/vc_column][vc_column width=&#8221;1\/2&#8243;][vc_empty_space][vc_column_text]<\/p>\n<h3><strong>S\u00c1BADO 28 DE JULIO<\/strong><\/h3>\n<h3>Espect\u00e1culo: My Low Cost Revolution C\u00eda: FAC Fundaci\u00f3n Agrupaci\u00f3n Colectiva (Barcelona, Espa\u00f1a)<\/h3>\n<p>CASA PALACIO DE LOS DUQUES DE ARCOS 00.00 HORASDuraci\u00f3n: 75\u00b4-A partir de 14 a\u00f1os-<\/p>\n<p>Les gustar\u00eda ser radicales, pero les faltar\u00eda coherencia. Les gustar\u00eda ser consecuentes, pero les faltar\u00eda vida. Un seguido de dudas sobre la revoluci\u00f3n ser\u00e1n exploradas en forma de paisajes corporales, de <em>landscapes <\/em>f\u00edsicos, de postales pol\u00edticosociales sin remitente cuyas protagonistas han abandonado y asesinado su <em>low cost revolution<\/em>. Somos unas radicales de mierda. Hemos intentado participar en movimientos radicales, formar parte de un colectivo que se preste a lo radical, cambiar el mundo a hostias si hac\u00eda falta y no hemos podido. No es cosa de unas horas, de unos d\u00edas, incluso de unos meses, no, esto tiene que ver con la existencia, con cargarte de paciencia y luchar a FULL. <em>All day, all night<\/em>. Esto es un homenaje al no siempre a tope. Una investigaci\u00f3n sobre c\u00f3mo podr\u00eda ser nuestra revoluci\u00f3n y que abismos existen entre la teor\u00eda de la calle y la pr\u00e1ctica de accionar. Hay gente que lucha y otra que protesta. Lo natural, sin generar artificio.[\/vc_column_text][\/vc_column][\/vc_row][vc_row row_type=&#8221;row&#8221; use_row_as_full_screen_section=&#8221;no&#8221; type=&#8221;full_width&#8221; text_align=&#8221;left&#8221; css_animation=&#8221;&#8221;][vc_column width=&#8221;1\/2&#8243;][vc_empty_space][vc_single_image image=&#8221;22992&#8243; img_size=&#8221;full&#8221; qode_css_animation=&#8221;&#8221;][\/vc_column][vc_column width=&#8221;1\/2&#8243;][vc_empty_space][vc_column_text]<\/p>\n<h3><strong>DOMINGO 29 DE JULIO<\/strong><\/h3>\n<h3>Espect\u00e1culo: Tr\u00e4d C\u00eda: Colectivo Lamajara (Brasil\/Espa\u00f1a)<\/h3>\n<p>PARQUE URBANO OLIVAR DEL CASTILLO 21.00 HORAS Duraci\u00f3n: 15 \u00b4 -Todos los p\u00fablicos-<\/p>\n<p>&#8220;\u00a1Pobres compa\u00f1eros m\u00edos que sue\u00f1an en voz alta, c\u00f3mo los envidio con verg\u00fcenza! Conmigo est\u00e1n los otros, los m\u00e1s pobres, los que no tienen m\u00e1s que a s\u00ed mismos a quien contar los sue\u00f1os y hacer lo que ser\u00edan versos, si los escribieran; los pobres diablos sin m\u00e1s literatura que la propia alma, que mueren asfixiados por el hecho de existir&#8221; (Pessoa)[\/vc_column_text][\/vc_column][\/vc_row][vc_row row_type=&#8221;row&#8221; use_row_as_full_screen_section=&#8221;no&#8221; type=&#8221;full_width&#8221; text_align=&#8221;left&#8221; css_animation=&#8221;&#8221;][vc_column width=&#8221;1\/2&#8243;][vc_empty_space][vc_single_image image=&#8221;22991&#8243; img_size=&#8221;full&#8221; qode_css_animation=&#8221;&#8221;][\/vc_column][vc_column width=&#8221;1\/2&#8243;][vc_empty_space][vc_column_text]<\/p>\n<h3><strong>DOMINGO 29 DE JULIO<\/strong><\/h3>\n<h3>GALA DE CLAUSURA + ESPECT\u00c1CULO: Passarinho<\/h3>\n<p>Compa\u00f1ia: Coletivo Mona (Brasil), en co-producci\u00f3n con Emergentes.<\/p>\n<p>CASA PALACIO DE LOS DUQUES DE ARCOS 22.30 HORAS -Todos los p\u00fablicos-<\/p>\n<p>Un pajarito que anhela volar, un pajarito que afecta y es afectado por diferentes sonidos, que van desde grabaciones naturales a performances colaborativas.<\/p>\n<p>&nbsp;<\/p>\n<p><strong>\u00a0<\/strong>[\/vc_column_text][\/vc_column][\/vc_row][vc_row row_type=&#8221;row&#8221; use_row_as_full_screen_section=&#8221;no&#8221; type=&#8221;full_width&#8221; text_align=&#8221;left&#8221; css_animation=&#8221;&#8221;][vc_column][vc_empty_space][\/vc_column][\/vc_row][vc_row row_type=&#8221;row&#8221; use_row_as_full_screen_section=&#8221;no&#8221; type=&#8221;full_width&#8221; text_align=&#8221;left&#8221; css_animation=&#8221;&#8221;][vc_column width=&#8221;1\/2&#8243;][\/vc_column][vc_column width=&#8221;1\/2&#8243;][vc_column_text]<\/p>\n<h2 style=\"text-align: center;\"><strong><a class=\"button\" href=\"http:\/\/emergentes.eu\/wp-content\/uploads\/2018\/06\/ProgramaMesa-de-trabajo-Redes-1.jpg\" download=\"\"> DOWNLOAD PROGRAM 2018<\/a><\/strong><\/h2>\n<hr \/>\n<h2 style=\"text-align: center;\"><\/h2>\n<p>[\/vc_column_text][\/vc_column][\/vc_row][vc_row row_type=&#8221;row&#8221; use_row_as_full_screen_section=&#8221;no&#8221; type=&#8221;full_width&#8221; text_align=&#8221;left&#8221; css_animation=&#8221;&#8221;][vc_column][vc_empty_space][\/vc_column][\/vc_row]<\/p>\n","protected":false},"excerpt":{"rendered":"<p>[vc_row row_type=&#8221;row&#8221; use_row_as_full_screen_section=&#8221;no&#8221; type=&#8221;full_width&#8221; text_align=&#8221;left&#8221; css_animation=&#8221;&#8221;][vc_column][vc_empty_space height=&#8221;70px&#8221;][\/vc_column][\/vc_row][vc_row row_type=&#8221;row&#8221; use_row_as_full_screen_section=&#8221;no&#8221; type=&#8221;full_width&#8221; text_align=&#8221;left&#8221; css_animation=&#8221;&#8221;][vc_column width=&#8221;1\/2&#8243;][vc_empty_space][vc_single_image image=&#8221;22987&#8243; img_size=&#8221;full&#8221; alignment=&#8221;center&#8221; qode_css_animation=&#8221;&#8221;][\/vc_column][vc_column width=&#8221;1\/2&#8243;][vc_empty_space][vc_column_text] DE LUNES&#8230;<\/p>\n","protected":false},"author":1,"featured_media":0,"parent":0,"menu_order":0,"comment_status":"closed","ping_status":"closed","template":"","meta":[],"_links":{"self":[{"href":"http:\/\/emergentes.eu\/en\/wp-json\/wp\/v2\/pages\/22710"}],"collection":[{"href":"http:\/\/emergentes.eu\/en\/wp-json\/wp\/v2\/pages"}],"about":[{"href":"http:\/\/emergentes.eu\/en\/wp-json\/wp\/v2\/types\/page"}],"author":[{"embeddable":true,"href":"http:\/\/emergentes.eu\/en\/wp-json\/wp\/v2\/users\/1"}],"replies":[{"embeddable":true,"href":"http:\/\/emergentes.eu\/en\/wp-json\/wp\/v2\/comments?post=22710"}],"version-history":[{"count":9,"href":"http:\/\/emergentes.eu\/en\/wp-json\/wp\/v2\/pages\/22710\/revisions"}],"predecessor-version":[{"id":23020,"href":"http:\/\/emergentes.eu\/en\/wp-json\/wp\/v2\/pages\/22710\/revisions\/23020"}],"wp:attachment":[{"href":"http:\/\/emergentes.eu\/en\/wp-json\/wp\/v2\/media?parent=22710"}],"curies":[{"name":"wp","href":"https:\/\/api.w.org\/{rel}","templated":true}]}}